{"id":59,"date":"2020-02-21T13:31:22","date_gmt":"2020-02-21T12:31:22","guid":{"rendered":"http:\/\/cardiovascular.at\/?page_id=59"},"modified":"2020-02-21T13:45:26","modified_gmt":"2020-02-21T12:45:26","slug":"impressum","status":"publish","type":"page","link":"https:\/\/www.cardiovascular.at\/?page_id=59","title":{"rendered":"Impressum"},"content":{"rendered":"<div class=\"flex_column av_one_full  flex_column_div first  avia-builder-el-0  avia-builder-el-no-sibling  \" style='padding:60px 0px 40px 0px ; border-radius:0px; '><section class=\"av_textblock_section \"  itemscope=\"itemscope\" itemtype=\"https:\/\/schema.org\/CreativeWork\" ><div class='avia_textblock  '   itemprop=\"text\" ><h1>Impressum<\/h1>\n<p>Angaben nach \u00a7 5 E-Commerce Gesetz und Offenlegung nach \u00a7 25 Medien Gesetz.<\/p>\n<h4><strong>Medieninhaber<\/strong><\/h4>\n<p>Karl Landsteiner Institut f\u00fcr Herz-und Gef\u00e4sschirurgische Forschung<br \/>\nBr\u00fcnner Stra\u00dfe 68, 1210 Wien, \u00d6sterreich<br \/>\n+43 676 9214718<br \/>\noffice@cardiovascular.at<br \/>\nVertretungsbefugte Person: Prim. Univ. Prof. Dr. Martin Grabenw\u00f6ger<\/p>\n<h4><strong>Hinweis im Sinne des Gleichbehandlungsgesetzes<\/strong><\/h4>\n<p>Aus Gr\u00fcnden der leichteren Lesbarkeit wird auf dieser Website die geschlechtsspezifische Differenzierung, wie z.B. Benutzer\/innen nicht durchgehend ber\u00fccksichtigt. Entsprechende Begriffe gelten im Sinne der Gleichbehandlung f\u00fcr beide Geschlechter.<\/p>\n<h4><strong>Copyright<\/strong><\/h4>\n<p>S\u00e4mtliche Informationen, Dokumente, Artikel und Fotografien auf dieser Website unterliegen dem Copyright. Jede Weiterverwendung bedarf der ausdr\u00fccklichen Genehmigung durch Karl Landsteiner Institut f\u00fcr Herz-und Gef\u00e4sschirurgische Forschung.<\/p>\n<h4><strong>Haftungshinweis<\/strong><\/h4>\n<p>Trotz sorgf\u00e4ltiger inhaltlicher Kontrolle \u00fcbernehmen wir keine Haftung f\u00fcr die Inhalte externer Links. F\u00fcr den Inhalt der verlinkten Seiten sind ausschlie\u00dflich deren Betreiber verantwortlich.<\/p>\n<h4><strong>Disclaimer &#8211; Wichtiger rechtlicher Hinweis<\/strong><\/h4>\n<p>Wir haben alle uns zumutbaren Anstrengungen unternommen, um sicher zu stellen, dass die auf dieser Webseite bereitgestellten Informationen zur Zeit der Bereitstellung richtig und vollst\u00e4ndig sind. Dennoch kann es zu unbeabsichtigten und zuf\u00e4lligen Fehlern gekommen sein, f\u00fcr die wir uns entschuldigen.<\/p>\n<p>Alle bereitgestellten medizinischen Informationen sind ausschlie\u00dflich zur Einsicht f\u00fcr Fachpersonal gedacht und ersetzen in keinem Fall eine Konsultation eines Arztes oder das Aufsuchen einer Krankenanstalt.<\/p>\n<\/div><\/section><\/div>\n","protected":false},"excerpt":{"rendered":"","protected":false},"author":1,"featured_media":0,"parent":0,"menu_order":0,"comment_status":"closed","ping_status":"closed","template":"","meta":{"footnotes":""},"class_list":["post-59","page","type-page","status-publish","hentry"],"yoast_head":"<!-- This site is optimized with the Yoast SEO plugin v26.9 - https:\/\/yoast.com\/product\/yoast-seo-wordpress\/ -->\n<title>Impressum - Cardiovascular Surgical Symposium<\/title>\n<meta name=\"robots\" content=\"index, follow, max-snippet:-1, max-image-preview:large, max-video-preview:-1\" \/>\n<link rel=\"canonical\" href=\"https:\/\/www.cardiovascular.at\/?page_id=59\" \/>\n<meta property=\"og:locale\" content=\"de_DE\" \/>\n<meta property=\"og:type\" content=\"article\" \/>\n<meta property=\"og:title\" content=\"Impressum - Cardiovascular Surgical Symposium\" \/>\n<meta property=\"og:url\" content=\"https:\/\/www.cardiovascular.at\/?page_id=59\" \/>\n<meta property=\"og:site_name\" content=\"Cardiovascular Surgical Symposium\" \/>\n<meta property=\"article:modified_time\" content=\"2020-02-21T12:45:26+00:00\" \/>\n<meta name=\"twitter:card\" content=\"summary_large_image\" \/>\n<meta name=\"twitter:label1\" content=\"Gesch\u00e4tzte Lesezeit\" \/>\n\t<meta name=\"twitter:data1\" content=\"2\u00a0Minuten\" \/>\n<script type=\"application\/ld+json\" class=\"yoast-schema-graph\">{\"@context\":\"https:\/\/schema.org\",\"@graph\":[{\"@type\":\"WebPage\",\"@id\":\"https:\/\/www.cardiovascular.at\/?page_id=59\",\"url\":\"https:\/\/www.cardiovascular.at\/?page_id=59\",\"name\":\"Impressum - Cardiovascular Surgical Symposium\",\"isPartOf\":{\"@id\":\"https:\/\/www.cardiovascular.at\/#website\"},\"datePublished\":\"2020-02-21T12:31:22+00:00\",\"dateModified\":\"2020-02-21T12:45:26+00:00\",\"breadcrumb\":{\"@id\":\"https:\/\/www.cardiovascular.at\/?page_id=59#breadcrumb\"},\"inLanguage\":\"de\",\"potentialAction\":[{\"@type\":\"ReadAction\",\"target\":[\"https:\/\/www.cardiovascular.at\/?page_id=59\"]}]},{\"@type\":\"BreadcrumbList\",\"@id\":\"https:\/\/www.cardiovascular.at\/?page_id=59#breadcrumb\",\"itemListElement\":[{\"@type\":\"ListItem\",\"position\":1,\"name\":\"Startseite\",\"item\":\"https:\/\/www.cardiovascular.at\/\"},{\"@type\":\"ListItem\",\"position\":2,\"name\":\"Impressum\"}]},{\"@type\":\"WebSite\",\"@id\":\"https:\/\/www.cardiovascular.at\/#website\",\"url\":\"https:\/\/www.cardiovascular.at\/\",\"name\":\"Cardiovascular Surgical Symposium\",\"description\":\"Karl Landsteiner Gesellschaft\",\"potentialAction\":[{\"@type\":\"SearchAction\",\"target\":{\"@type\":\"EntryPoint\",\"urlTemplate\":\"https:\/\/www.cardiovascular.at\/?s={search_term_string}\"},\"query-input\":{\"@type\":\"PropertyValueSpecification\",\"valueRequired\":true,\"valueName\":\"search_term_string\"}}],\"inLanguage\":\"de\"}]}<\/script>\n<!-- \/ Yoast SEO plugin. -->","yoast_head_json":{"title":"Impressum - Cardiovascular Surgical Symposium","robots":{"index":"index","follow":"follow","max-snippet":"max-snippet:-1","max-image-preview":"max-image-preview:large","max-video-preview":"max-video-preview:-1"},"canonical":"https:\/\/www.cardiovascular.at\/?page_id=59","og_locale":"de_DE","og_type":"article","og_title":"Impressum - Cardiovascular Surgical Symposium","og_url":"https:\/\/www.cardiovascular.at\/?page_id=59","og_site_name":"Cardiovascular Surgical Symposium","article_modified_time":"2020-02-21T12:45:26+00:00","twitter_card":"summary_large_image","twitter_misc":{"Gesch\u00e4tzte Lesezeit":"2\u00a0Minuten"},"schema":{"@context":"https:\/\/schema.org","@graph":[{"@type":"WebPage","@id":"https:\/\/www.cardiovascular.at\/?page_id=59","url":"https:\/\/www.cardiovascular.at\/?page_id=59","name":"Impressum - Cardiovascular Surgical Symposium","isPartOf":{"@id":"https:\/\/www.cardiovascular.at\/#website"},"datePublished":"2020-02-21T12:31:22+00:00","dateModified":"2020-02-21T12:45:26+00:00","breadcrumb":{"@id":"https:\/\/www.cardiovascular.at\/?page_id=59#breadcrumb"},"inLanguage":"de","potentialAction":[{"@type":"ReadAction","target":["https:\/\/www.cardiovascular.at\/?page_id=59"]}]},{"@type":"BreadcrumbList","@id":"https:\/\/www.cardiovascular.at\/?page_id=59#breadcrumb","itemListElement":[{"@type":"ListItem","position":1,"name":"Startseite","item":"https:\/\/www.cardiovascular.at\/"},{"@type":"ListItem","position":2,"name":"Impressum"}]},{"@type":"WebSite","@id":"https:\/\/www.cardiovascular.at\/#website","url":"https:\/\/www.cardiovascular.at\/","name":"Cardiovascular Surgical Symposium","description":"Karl Landsteiner Gesellschaft","potentialAction":[{"@type":"SearchAction","target":{"@type":"EntryPoint","urlTemplate":"https:\/\/www.cardiovascular.at\/?s={search_term_string}"},"query-input":{"@type":"PropertyValueSpecification","valueRequired":true,"valueName":"search_term_string"}}],"inLanguage":"de"}]}},"_links":{"self":[{"href":"https:\/\/www.cardiovascular.at\/index.php?rest_route=\/wp\/v2\/pages\/59","targetHints":{"allow":["GET"]}}],"collection":[{"href":"https:\/\/www.cardiovascular.at\/index.php?rest_route=\/wp\/v2\/pages"}],"about":[{"href":"https:\/\/www.cardiovascular.at\/index.php?rest_route=\/wp\/v2\/types\/page"}],"author":[{"embeddable":true,"href":"https:\/\/www.cardiovascular.at\/index.php?rest_route=\/wp\/v2\/users\/1"}],"replies":[{"embeddable":true,"href":"https:\/\/www.cardiovascular.at\/index.php?rest_route=%2Fwp%2Fv2%2Fcomments&post=59"}],"version-history":[{"count":3,"href":"https:\/\/www.cardiovascular.at\/index.php?rest_route=\/wp\/v2\/pages\/59\/revisions"}],"predecessor-version":[{"id":243,"href":"https:\/\/www.cardiovascular.at\/index.php?rest_route=\/wp\/v2\/pages\/59\/revisions\/243"}],"wp:attachment":[{"href":"https:\/\/www.cardiovascular.at\/index.php?rest_route=%2Fwp%2Fv2%2Fmedia&parent=59"}],"curies":[{"name":"wp","href":"https:\/\/api.w.org\/{rel}","templated":true}]}}