{"id":13,"date":"2020-02-21T09:59:59","date_gmt":"2020-02-21T08:59:59","guid":{"rendered":"http:\/\/cardiovascular.at\/?page_id=13"},"modified":"2025-05-07T10:21:18","modified_gmt":"2025-05-07T08:21:18","slug":"startseite","status":"publish","type":"page","link":"https:\/\/www.cardiovascular.at\/","title":{"rendered":"Startseite"},"content":{"rendered":"<div class=\"flex_column av_one_full  flex_column_div first  avia-builder-el-0  el_before_av_one_half  avia-builder-el-first  \" style='padding:4% 0px 0px 0px ; border-radius:0px; '><section class=\"av_textblock_section \"  itemscope=\"itemscope\" itemtype=\"https:\/\/schema.org\/CreativeWork\" ><div class='avia_textblock  '   itemprop=\"text\" ><h1 style=\"text-align: center;\">8. Cardiovascular Surgical Symposium<\/h1>\n<h3 style=\"text-align: center;\">17. bis 19. Oktober 2025 in Riegersburg<\/h3>\n<\/div><\/section><\/div><div class=\"flex_column av_one_half  flex_column_div av-zero-column-padding first  avia-builder-el-2  el_after_av_one_full  el_before_av_one_half  column-top-margin\" style='border-radius:0px; '><div  class='avia-image-container  av-styling-  av-has-copyright av-copyright-icon-reveal   avia-builder-el-3  avia-builder-el-no-sibling  avia-align-center '  itemprop=\"image\" itemscope=\"itemscope\" itemtype=\"https:\/\/schema.org\/ImageObject\"  ><div class='avia-image-container-inner'><div class='avia-image-overlay-wrap'><img class='avia_image' src='https:\/\/www.cardiovascular.at\/wp-content\/uploads\/2020\/02\/IMG_1607.jpg' alt='' title='IMG_1607' height=\"1200\" width=\"1600\"  itemprop=\"thumbnailUrl\"  \/><\/div><small class='avia-copyright'>Foto: Dr. Johann Meinhart<\/small><\/div><\/div><\/div><\/p>\n<div class=\"flex_column av_one_half  flex_column_div av-zero-column-padding   avia-builder-el-4  el_after_av_one_half  avia-builder-el-last  column-top-margin\" style='border-radius:0px; '><section class=\"av_textblock_section \"  itemscope=\"itemscope\" itemtype=\"https:\/\/schema.org\/CreativeWork\" ><div class='avia_textblock  '   itemprop=\"text\" ><p>Diese heuer zum achten Mal organisierte Veranstaltung m\u00f6chte ein interdisziplin\u00e4res Forum bieten, in dem \u00c4rzte und \u00c4rztinnen aus dem Bereich Herz-und Gef\u00e4\u00dfchirurgie mit Kollegen und Kolleginnen anderer Fachbereiche Erfahrungen austauschen. Das dreit\u00e4tige Symposium soll zudem in entspannter Atmosph\u00e4re ein besseres Verst\u00e4ndnis der verschiedener Fachbereiche im medizinischen Alltag f\u00f6rdern.<\/p>\n<p>Heuer steht unser Symposium unter dem Motto technologischen Fortschrittes. Uns erwarten spannende Vortr\u00e4ge und angeregte Diskussionen.<\/p>\n<p>Nat\u00fcrlich wird es auch wieder f\u00e4cher\u00fcbergreifende, freie wissenschaftliche Vortr\u00e4ge geben. Wir sind sicher, dass auch dieses Jahr jeder Teilnehmer neue Erkenntnisse gewinnen wird. Wir haben uns durch eine gezielte Programmgestaltung bem\u00fcht ihrem Interesse entgegen zu kommen. In diesem Sinne d\u00fcrfen wir Sie zur recht herzlich zur Teilnahme am Cardiovascular Surgical Symposium einladen.<\/p>\n<h2>Der Tagungsort<\/h2>\n<p>Das Hotel Riegersburg verf\u00fcgt \u00fcber modernste Tagungstechnik in 4 gro\u00dfz\u00fcgig bemessenen und von nat\u00fcrlichem Licht durchfluteten Konferenzr\u00e4umen bieten den perfekten Ort f\u00fcr unsere Tagung.<\/p>\n<\/div><\/section><\/div>\n","protected":false},"excerpt":{"rendered":"","protected":false},"author":1,"featured_media":0,"parent":0,"menu_order":0,"comment_status":"closed","ping_status":"closed","template":"","meta":{"footnotes":""},"class_list":["post-13","page","type-page","status-publish","hentry"],"yoast_head":"<!-- This site is optimized with the Yoast SEO plugin v26.9 - https:\/\/yoast.com\/product\/yoast-seo-wordpress\/ -->\n<title>Startseite - Cardiovascular Surgical Symposium<\/title>\n<meta name=\"robots\" content=\"index, follow, max-snippet:-1, max-image-preview:large, max-video-preview:-1\" \/>\n<link rel=\"canonical\" href=\"https:\/\/www.cardiovascular.at\/\" \/>\n<meta property=\"og:locale\" content=\"de_DE\" \/>\n<meta property=\"og:type\" content=\"article\" \/>\n<meta property=\"og:title\" content=\"Startseite - Cardiovascular Surgical Symposium\" \/>\n<meta property=\"og:url\" content=\"https:\/\/www.cardiovascular.at\/\" \/>\n<meta property=\"og:site_name\" content=\"Cardiovascular Surgical Symposium\" \/>\n<meta property=\"article:modified_time\" content=\"2025-05-07T08:21:18+00:00\" \/>\n<meta name=\"twitter:card\" content=\"summary_large_image\" \/>\n<meta name=\"twitter:label1\" content=\"Gesch\u00e4tzte Lesezeit\" \/>\n\t<meta name=\"twitter:data1\" content=\"3\u00a0Minuten\" \/>\n<script type=\"application\/ld+json\" class=\"yoast-schema-graph\">{\"@context\":\"https:\/\/schema.org\",\"@graph\":[{\"@type\":\"WebPage\",\"@id\":\"https:\/\/www.cardiovascular.at\/\",\"url\":\"https:\/\/www.cardiovascular.at\/\",\"name\":\"Startseite - Cardiovascular Surgical Symposium\",\"isPartOf\":{\"@id\":\"https:\/\/www.cardiovascular.at\/#website\"},\"datePublished\":\"2020-02-21T08:59:59+00:00\",\"dateModified\":\"2025-05-07T08:21:18+00:00\",\"breadcrumb\":{\"@id\":\"https:\/\/www.cardiovascular.at\/#breadcrumb\"},\"inLanguage\":\"de\",\"potentialAction\":[{\"@type\":\"ReadAction\",\"target\":[\"https:\/\/www.cardiovascular.at\/\"]}]},{\"@type\":\"BreadcrumbList\",\"@id\":\"https:\/\/www.cardiovascular.at\/#breadcrumb\",\"itemListElement\":[{\"@type\":\"ListItem\",\"position\":1,\"name\":\"Startseite\",\"item\":\"https:\/\/www.cardiovascular.at\/\"},{\"@type\":\"ListItem\",\"position\":2,\"name\":\"Startseite\"}]},{\"@type\":\"WebSite\",\"@id\":\"https:\/\/www.cardiovascular.at\/#website\",\"url\":\"https:\/\/www.cardiovascular.at\/\",\"name\":\"Cardiovascular Surgical Symposium\",\"description\":\"Karl Landsteiner Gesellschaft\",\"potentialAction\":[{\"@type\":\"SearchAction\",\"target\":{\"@type\":\"EntryPoint\",\"urlTemplate\":\"https:\/\/www.cardiovascular.at\/?s={search_term_string}\"},\"query-input\":{\"@type\":\"PropertyValueSpecification\",\"valueRequired\":true,\"valueName\":\"search_term_string\"}}],\"inLanguage\":\"de\"}]}<\/script>\n<!-- \/ Yoast SEO plugin. -->","yoast_head_json":{"title":"Startseite - Cardiovascular Surgical Symposium","robots":{"index":"index","follow":"follow","max-snippet":"max-snippet:-1","max-image-preview":"max-image-preview:large","max-video-preview":"max-video-preview:-1"},"canonical":"https:\/\/www.cardiovascular.at\/","og_locale":"de_DE","og_type":"article","og_title":"Startseite - Cardiovascular Surgical Symposium","og_url":"https:\/\/www.cardiovascular.at\/","og_site_name":"Cardiovascular Surgical Symposium","article_modified_time":"2025-05-07T08:21:18+00:00","twitter_card":"summary_large_image","twitter_misc":{"Gesch\u00e4tzte Lesezeit":"3\u00a0Minuten"},"schema":{"@context":"https:\/\/schema.org","@graph":[{"@type":"WebPage","@id":"https:\/\/www.cardiovascular.at\/","url":"https:\/\/www.cardiovascular.at\/","name":"Startseite - Cardiovascular Surgical Symposium","isPartOf":{"@id":"https:\/\/www.cardiovascular.at\/#website"},"datePublished":"2020-02-21T08:59:59+00:00","dateModified":"2025-05-07T08:21:18+00:00","breadcrumb":{"@id":"https:\/\/www.cardiovascular.at\/#breadcrumb"},"inLanguage":"de","potentialAction":[{"@type":"ReadAction","target":["https:\/\/www.cardiovascular.at\/"]}]},{"@type":"BreadcrumbList","@id":"https:\/\/www.cardiovascular.at\/#breadcrumb","itemListElement":[{"@type":"ListItem","position":1,"name":"Startseite","item":"https:\/\/www.cardiovascular.at\/"},{"@type":"ListItem","position":2,"name":"Startseite"}]},{"@type":"WebSite","@id":"https:\/\/www.cardiovascular.at\/#website","url":"https:\/\/www.cardiovascular.at\/","name":"Cardiovascular Surgical Symposium","description":"Karl Landsteiner Gesellschaft","potentialAction":[{"@type":"SearchAction","target":{"@type":"EntryPoint","urlTemplate":"https:\/\/www.cardiovascular.at\/?s={search_term_string}"},"query-input":{"@type":"PropertyValueSpecification","valueRequired":true,"valueName":"search_term_string"}}],"inLanguage":"de"}]}},"_links":{"self":[{"href":"https:\/\/www.cardiovascular.at\/index.php?rest_route=\/wp\/v2\/pages\/13","targetHints":{"allow":["GET"]}}],"collection":[{"href":"https:\/\/www.cardiovascular.at\/index.php?rest_route=\/wp\/v2\/pages"}],"about":[{"href":"https:\/\/www.cardiovascular.at\/index.php?rest_route=\/wp\/v2\/types\/page"}],"author":[{"embeddable":true,"href":"https:\/\/www.cardiovascular.at\/index.php?rest_route=\/wp\/v2\/users\/1"}],"replies":[{"embeddable":true,"href":"https:\/\/www.cardiovascular.at\/index.php?rest_route=%2Fwp%2Fv2%2Fcomments&post=13"}],"version-history":[{"count":2,"href":"https:\/\/www.cardiovascular.at\/index.php?rest_route=\/wp\/v2\/pages\/13\/revisions"}],"predecessor-version":[{"id":264,"href":"https:\/\/www.cardiovascular.at\/index.php?rest_route=\/wp\/v2\/pages\/13\/revisions\/264"}],"wp:attachment":[{"href":"https:\/\/www.cardiovascular.at\/index.php?rest_route=%2Fwp%2Fv2%2Fmedia&parent=13"}],"curies":[{"name":"wp","href":"https:\/\/api.w.org\/{rel}","templated":true}]}}